{"id":3,"date":"2024-02-17T16:14:23","date_gmt":"2024-02-17T16:14:23","guid":{"rendered":"http:\/\/sayciao.it\/?page_id=3"},"modified":"2024-05-08T11:36:24","modified_gmt":"2024-05-08T09:36:24","slug":"privacy-policy","status":"publish","type":"page","link":"https:\/\/sayciao.it\/pl\/privacy-policy\/","title":{"rendered":"Polityka prywatno\u015bci"},"content":{"rendered":"<div data-elementor-type=\"wp-page\" data-elementor-id=\"3\" class=\"elementor elementor-3\">\n\t\t\t\t<div class=\"elementor-element elementor-element-3e02e48 e-flex e-con-boxed e-con e-parent\" data-id=\"3e02e48\" data-element_type=\"container\" data-e-type=\"container\">\n\t\t\t\t\t<div class=\"e-con-inner\">\n\t\t<div class=\"elementor-element elementor-element-4cfd5f3 e-flex e-con-boxed e-con e-child\" data-id=\"4cfd5f3\" data-element_type=\"container\" data-e-type=\"container\">\n\t\t\t\t\t<div class=\"e-con-inner\">\n\t\t\t\t<div class=\"elementor-element elementor-element-5fc98b8 elementor-widget elementor-widget-raven-site-logo\" data-id=\"5fc98b8\" data-element_type=\"widget\" data-e-type=\"widget\" data-widget_type=\"raven-site-logo.default\">\n\t\t\t\t<div class=\"elementor-widget-container\">\n\t\t\t\t\t\t\t<div class=\"raven-widget-wrapper\">\n\t\t\t<div class=\"raven-site-logo\">\n\t\t\t\t\t\t\t\t\t<a class=\"raven-site-logo-link\" href=\"https:\/\/sayciao.it\/pl\">\n\t\t\t\t\t\t\t\t<picture><img alt=\"Say Ciao\" data-no-lazy=\"1\" src=' https:\/\/sayciao.it\/wp-content\/uploads\/2024\/04\/SayCiaoLogo.svg '><\/picture>\t\t\t\t\t\t\t\t\t<\/a>\n\t\t\t\t\t\t\t<\/div>\n\t\t<\/div>\n\t\t\t\t\t\t<\/div>\n\t\t\t\t<\/div>\n\t\t\t\t\t<\/div>\n\t\t\t\t<\/div>\n\t\t\t\t<div class=\"elementor-element elementor-element-779ad1f elementor-widget elementor-widget-heading\" data-id=\"779ad1f\" data-element_type=\"widget\" data-e-type=\"widget\" data-widget_type=\"heading.default\">\n\t\t\t\t<div class=\"elementor-widget-container\">\n\t\t\t\t\t<h2 class=\"elementor-heading-title elementor-size-default\">Polityka prywatno\u015bci\n<\/h2>\t\t\t\t<\/div>\n\t\t\t\t<\/div>\n\t\t\t\t<div class=\"elementor-element elementor-element-49b7f12b elementor-widget elementor-widget-text-editor\" data-id=\"49b7f12b\" data-element_type=\"widget\" data-e-type=\"widget\" data-widget_type=\"text-editor.default\">\n\t\t\t\t<div class=\"elementor-widget-container\">\n\t\t\t\t\t\t\t\t\t\n<p><strong>Company Name:<\/strong> Say Ciao di Tatiana Cupcea<br \/><strong>Registered Office:<\/strong> Contrada Chiusole 3, 65020, Corvara, Pescara, Italy<br \/><strong>Contact Email:<\/strong> <a target=\"_new\" rel=\"noreferrer\">ciao@sayciao.it<\/a><br \/><strong>Website:<\/strong> <a href=\"https:\/\/sayciao.it\/pl\/\" target=\"_new\" rel=\"noreferrer\">https:\/\/sayciao.it<\/a><\/p>\n<p><strong>Introduction<\/strong><br \/>Your privacy is important to us. This Privacy Policy outlines how Say Ciao di Tatiana Cupcea (&#8220;we&#8221;, &#8220;us&#8221;, or &#8220;our&#8221;) collects, uses, and protects your personal information in compliance with Italian and European laws.<\/p>\n<p><strong>Types of Information Collected<\/strong><br \/>We collect personal information provided by users, such as name, email address, and payment details, as well as usage data collected automatically, including IP address and browser type.<\/p>\n<p><strong>Purpose of Data Collection<\/strong><br \/>We collect personal information to process orders, communicate with users, and improve the overall user experience on the website.<\/p>\n<p><strong>Data Sharing<\/strong><br \/>We may share personal information with third-party service providers for order fulfillment, payment processing, and website analysis. We do not sell or rent personal information to third parties for marketing purposes.<\/p>\n<p><strong>Data Security Measures<\/strong><br \/>We implement industry-standard security measures to protect personal information from unauthorized access, disclosure, alteration, or destruction.<\/p>\n<p><strong>User Rights<\/strong><br \/>Users have the right to access, correct, or delete their personal information. They may also request the restriction of processing or object to the processing of their personal data.<\/p>\n<p><strong>Cookies<\/strong><br \/>We use cookies and similar technologies to enhance the user experience, analyze website traffic, and personalize content. Users may adjust their browser settings to refuse cookies or receive alerts when cookies are being sent.<\/p>\n<p><strong>Policy Changes<\/strong><br \/>We reserve the right to update or change this privacy policy at any time. Users are encouraged to review this policy periodically for updates.<\/p>\n<p><strong>Comments<\/strong><br \/>When visitors leave comments on the site, we collect the data shown in the comments form, along with the visitor\u2019s IP address and browser user agent string for spam detection purposes.<\/p>\n<p><strong>Media<\/strong><br \/>If you upload images to the website, please avoid embedding location data (EXIF GPS) in the images. Visitors can download and extract any location data from images on the website.<\/p>\n<p><strong>Embedded Content from Other Websites<\/strong><br \/>Articles on this site may include embedded content (e.g., videos, images, articles, etc.). Embedded content from other websites behaves similarly to if the visitor has visited the other website.<\/p>\n<p><strong>Who We Share Your Data With<\/strong><br \/>If you request a password reset, your IP address will be included in the reset email.<\/p>\n<p><strong>How Long We Retain Your Data<\/strong><br \/>If you leave a comment, the comment and its metadata are retained indefinitely for automatic approval of follow-up comments.<\/p>\n<p><strong>What Rights You Have Over Your Data<\/strong><br \/>If you have an account on this site or have left comments, you can request to receive an exported file of the personal data we hold about you, including any data you have provided to us. You can also request that we erase any personal data we hold about you, except for data we are obliged to keep for administrative, legal, or security purposes.<\/p>\n<p><strong>Where We Send Your Data<\/strong><br \/>Visitor comments may be checked through an automated spam detection service.<\/p>\n\t\t\t\t\t\t\t\t<\/div>\n\t\t\t\t<\/div>\n\t\t\t\t\t<\/div>\n\t\t\t\t<\/div>\n\t\t<footer class=\"elementor-element elementor-element-1a0c7f54 e-con-full e-flex e-con e-parent\" data-id=\"1a0c7f54\" data-element_type=\"container\" data-e-type=\"container\" data-settings=\"{&quot;background_background&quot;:&quot;classic&quot;}\">\n\t\t\t\t<div class=\"elementor-element elementor-element-7ff4f384 elementor-widget elementor-widget-text-editor\" data-id=\"7ff4f384\" data-element_type=\"widget\" data-e-type=\"widget\" data-widget_type=\"text-editor.default\">\n\t\t\t\t<div class=\"elementor-widget-container\">\n\t\t\t\t\t\t\t\t\t\u00a9 2026 Say Ciao Wszelkie prawa zastrze\u017cone \t\t\t\t\t\t\t\t<\/div>\n\t\t\t\t<\/div>\n\t\t\t\t<div class=\"elementor-element elementor-element-51342414 elementor-widget elementor-widget-text-editor\" data-id=\"51342414\" data-element_type=\"widget\" data-e-type=\"widget\" data-widget_type=\"text-editor.default\">\n\t\t\t\t<div class=\"elementor-widget-container\">\n\t\t\t\t\t\t\t\t\t<p><a href=\"https:\/\/sayciao.it\/pl\/terms-and-conditions\/\">Warunki korzystania z serwisu<\/a> | <a href=\"https:\/\/sayciao.it\/pl\/privacy-policy\/\">Polityka prywatno\u015bci<\/a> | <a href=\"https:\/\/sayciao.it\/pl\/cookie-policy-eu\/\">Polityka plik\u00f3w cookie<\/a><\/p>\t\t\t\t\t\t\t\t<\/div>\n\t\t\t\t<\/div>\n\t\t\t\t<\/footer>\n\t\t\t\t<\/div>","protected":false},"excerpt":{"rendered":"<p>Privacy Policy Company Name: Say Ciao di Tatiana CupceaRegistered Office: Contrada Chiusole 3, 65020, Corvara, Pescara, ItalyContact Email: ciao@sayciao.itWebsite: https:\/\/sayciao.it IntroductionYour privacy is important to us. This Privacy Policy outlines how Say Ciao di Tatiana Cupcea (&#8220;we&#8221;, &#8220;us&#8221;, or &#8220;our&#8221;) collects, uses, and protects your personal information in compliance with Italian and European laws. Types [&hellip;]<\/p>\n","protected":false},"author":1,"featured_media":0,"parent":0,"menu_order":0,"comment_status":"closed","ping_status":"open","template":"elementor_canvas","meta":{"_acf_changed":false,"footnotes":""},"class_list":["post-3","page","type-page","status-publish","hentry"],"acf":[],"yoast_head":"<!-- This site is optimized with the Yoast SEO plugin v27.3 - https:\/\/yoast.com\/product\/yoast-seo-wordpress\/ -->\n<title>Privacy Policy - Say Ciao<\/title>\n<meta name=\"robots\" content=\"noindex, nofollow\" \/>\n<meta property=\"og:locale\" content=\"pl_PL\" \/>\n<meta property=\"og:type\" content=\"article\" \/>\n<meta property=\"og:title\" content=\"Privacy Policy - Say Ciao\" \/>\n<meta property=\"og:description\" content=\"Privacy Policy Company Name: Say Ciao di Tatiana CupceaRegistered Office: Contrada Chiusole 3, 65020, Corvara, Pescara, ItalyContact Email: ciao@sayciao.itWebsite: https:\/\/sayciao.it IntroductionYour privacy is important to us. This Privacy Policy outlines how Say Ciao di Tatiana Cupcea (&#8220;we&#8221;, &#8220;us&#8221;, or &#8220;our&#8221;) collects, uses, and protects your personal information in compliance with Italian and European laws. Types [&hellip;]\" \/>\n<meta property=\"og:url\" content=\"https:\/\/sayciao.it\/pl\/privacy-policy\/\" \/>\n<meta property=\"og:site_name\" content=\"Say Ciao\" \/>\n<meta property=\"article:modified_time\" content=\"2024-05-08T09:36:24+00:00\" \/>\n<meta name=\"twitter:card\" content=\"summary_large_image\" \/>\n<meta name=\"twitter:label1\" content=\"Szacowany czas czytania\" \/>\n\t<meta name=\"twitter:data1\" content=\"3 minuty\" \/>\n<script type=\"application\/ld+json\" class=\"yoast-schema-graph\">{\"@context\":\"https:\\\/\\\/schema.org\",\"@graph\":[{\"@type\":\"WebPage\",\"@id\":\"https:\\\/\\\/sayciao.it\\\/privacy-policy\\\/\",\"url\":\"https:\\\/\\\/sayciao.it\\\/privacy-policy\\\/\",\"name\":\"Privacy Policy - Say Ciao\",\"isPartOf\":{\"@id\":\"https:\\\/\\\/sayciao.it\\\/#website\"},\"datePublished\":\"2024-02-17T16:14:23+00:00\",\"dateModified\":\"2024-05-08T09:36:24+00:00\",\"breadcrumb\":{\"@id\":\"https:\\\/\\\/sayciao.it\\\/privacy-policy\\\/#breadcrumb\"},\"inLanguage\":\"pl-PL\",\"potentialAction\":[{\"@type\":\"ReadAction\",\"target\":[\"https:\\\/\\\/sayciao.it\\\/privacy-policy\\\/\"]}]},{\"@type\":\"BreadcrumbList\",\"@id\":\"https:\\\/\\\/sayciao.it\\\/privacy-policy\\\/#breadcrumb\",\"itemListElement\":[{\"@type\":\"ListItem\",\"position\":1,\"name\":\"Home\",\"item\":\"https:\\\/\\\/sayciao.it\\\/\"},{\"@type\":\"ListItem\",\"position\":2,\"name\":\"Privacy Policy\"}]},{\"@type\":\"WebSite\",\"@id\":\"https:\\\/\\\/sayciao.it\\\/#website\",\"url\":\"https:\\\/\\\/sayciao.it\\\/\",\"name\":\"Say Ciao\",\"description\":\"The beauty of living in rural Italy \u2013\u00a0Abruzzo\",\"publisher\":{\"@id\":\"https:\\\/\\\/sayciao.it\\\/#organization\"},\"potentialAction\":[{\"@type\":\"SearchAction\",\"target\":{\"@type\":\"EntryPoint\",\"urlTemplate\":\"https:\\\/\\\/sayciao.it\\\/?s={search_term_string}\"},\"query-input\":{\"@type\":\"PropertyValueSpecification\",\"valueRequired\":true,\"valueName\":\"search_term_string\"}}],\"inLanguage\":\"pl-PL\"},{\"@type\":\"Organization\",\"@id\":\"https:\\\/\\\/sayciao.it\\\/#organization\",\"name\":\"Say Ciao di Tatiana Cupcea\",\"url\":\"https:\\\/\\\/sayciao.it\\\/\",\"logo\":{\"@type\":\"ImageObject\",\"inLanguage\":\"pl-PL\",\"@id\":\"https:\\\/\\\/sayciao.it\\\/#\\\/schema\\\/logo\\\/image\\\/\",\"url\":\"https:\\\/\\\/sayciao.it\\\/wp-content\\\/uploads\\\/2024\\\/04\\\/SayCiaoLogo.svg\",\"contentUrl\":\"https:\\\/\\\/sayciao.it\\\/wp-content\\\/uploads\\\/2024\\\/04\\\/SayCiaoLogo.svg\",\"width\":95,\"height\":31,\"caption\":\"Say Ciao di Tatiana Cupcea\"},\"image\":{\"@id\":\"https:\\\/\\\/sayciao.it\\\/#\\\/schema\\\/logo\\\/image\\\/\"},\"sameAs\":[\"https:\\\/\\\/www.youtube.com\\\/@SayCiao\",\"https:\\\/\\\/instagram.com\\\/sayciao.it\",\"https:\\\/\\\/patreon.com\\\/Say_Ciao\"]}]}<\/script>\n<!-- \/ Yoast SEO plugin. -->","yoast_head_json":{"title":"Privacy Policy - Say Ciao","robots":{"index":"noindex","follow":"nofollow"},"og_locale":"pl_PL","og_type":"article","og_title":"Privacy Policy - Say Ciao","og_description":"Privacy Policy Company Name: Say Ciao di Tatiana CupceaRegistered Office: Contrada Chiusole 3, 65020, Corvara, Pescara, ItalyContact Email: ciao@sayciao.itWebsite: https:\/\/sayciao.it IntroductionYour privacy is important to us. This Privacy Policy outlines how Say Ciao di Tatiana Cupcea (&#8220;we&#8221;, &#8220;us&#8221;, or &#8220;our&#8221;) collects, uses, and protects your personal information in compliance with Italian and European laws. Types [&hellip;]","og_url":"https:\/\/sayciao.it\/pl\/privacy-policy\/","og_site_name":"Say Ciao","article_modified_time":"2024-05-08T09:36:24+00:00","twitter_card":"summary_large_image","twitter_misc":{"Szacowany czas czytania":"3 minuty"},"schema":{"@context":"https:\/\/schema.org","@graph":[{"@type":"WebPage","@id":"https:\/\/sayciao.it\/privacy-policy\/","url":"https:\/\/sayciao.it\/privacy-policy\/","name":"Privacy Policy - Say Ciao","isPartOf":{"@id":"https:\/\/sayciao.it\/#website"},"datePublished":"2024-02-17T16:14:23+00:00","dateModified":"2024-05-08T09:36:24+00:00","breadcrumb":{"@id":"https:\/\/sayciao.it\/privacy-policy\/#breadcrumb"},"inLanguage":"pl-PL","potentialAction":[{"@type":"ReadAction","target":["https:\/\/sayciao.it\/privacy-policy\/"]}]},{"@type":"BreadcrumbList","@id":"https:\/\/sayciao.it\/privacy-policy\/#breadcrumb","itemListElement":[{"@type":"ListItem","position":1,"name":"Home","item":"https:\/\/sayciao.it\/"},{"@type":"ListItem","position":2,"name":"Privacy Policy"}]},{"@type":"WebSite","@id":"https:\/\/sayciao.it\/#website","url":"https:\/\/sayciao.it\/","name":"Powiedz Ciao","description":"Pi\u0119kno \u017cycia na w\u0142oskiej wsi \u2013 Abruzja","publisher":{"@id":"https:\/\/sayciao.it\/#organization"},"potentialAction":[{"@type":"SearchAction","target":{"@type":"EntryPoint","urlTemplate":"https:\/\/sayciao.it\/?s={search_term_string}"},"query-input":{"@type":"PropertyValueSpecification","valueRequired":true,"valueName":"search_term_string"}}],"inLanguage":"pl-PL"},{"@type":"Organization","@id":"https:\/\/sayciao.it\/#organization","name":"Say Ciao di Tatiana Cupcea","url":"https:\/\/sayciao.it\/","logo":{"@type":"ImageObject","inLanguage":"pl-PL","@id":"https:\/\/sayciao.it\/#\/schema\/logo\/image\/","url":"https:\/\/sayciao.it\/wp-content\/uploads\/2024\/04\/SayCiaoLogo.svg","contentUrl":"https:\/\/sayciao.it\/wp-content\/uploads\/2024\/04\/SayCiaoLogo.svg","width":95,"height":31,"caption":"Say Ciao di Tatiana Cupcea"},"image":{"@id":"https:\/\/sayciao.it\/#\/schema\/logo\/image\/"},"sameAs":["https:\/\/www.youtube.com\/@SayCiao","https:\/\/instagram.com\/sayciao.it","https:\/\/patreon.com\/Say_Ciao"]}]}},"_links":{"self":[{"href":"https:\/\/sayciao.it\/pl\/wp-json\/wp\/v2\/pages\/3","targetHints":{"allow":["GET"]}}],"collection":[{"href":"https:\/\/sayciao.it\/pl\/wp-json\/wp\/v2\/pages"}],"about":[{"href":"https:\/\/sayciao.it\/pl\/wp-json\/wp\/v2\/types\/page"}],"author":[{"embeddable":true,"href":"https:\/\/sayciao.it\/pl\/wp-json\/wp\/v2\/users\/1"}],"replies":[{"embeddable":true,"href":"https:\/\/sayciao.it\/pl\/wp-json\/wp\/v2\/comments?post=3"}],"version-history":[{"count":12,"href":"https:\/\/sayciao.it\/pl\/wp-json\/wp\/v2\/pages\/3\/revisions"}],"predecessor-version":[{"id":263,"href":"https:\/\/sayciao.it\/pl\/wp-json\/wp\/v2\/pages\/3\/revisions\/263"}],"wp:attachment":[{"href":"https:\/\/sayciao.it\/pl\/wp-json\/wp\/v2\/media?parent=3"}],"curies":[{"name":"wp","href":"https:\/\/api.w.org\/{rel}","templated":true}]}}