{"id":3,"date":"2024-02-17T16:14:23","date_gmt":"2024-02-17T16:14:23","guid":{"rendered":"http:\/\/sayciao.it\/?page_id=3"},"modified":"2024-05-08T11:36:24","modified_gmt":"2024-05-08T09:36:24","slug":"privacy-policy","status":"publish","type":"page","link":"https:\/\/sayciao.it\/de\/privacy-policy\/","title":{"rendered":"Datenschutzrichtlinie"},"content":{"rendered":"<div data-elementor-type=\"wp-page\" data-elementor-id=\"3\" class=\"elementor elementor-3\">\n\t\t\t\t<div class=\"elementor-element elementor-element-3e02e48 e-flex e-con-boxed e-con e-parent\" data-id=\"3e02e48\" data-element_type=\"container\" data-e-type=\"container\">\n\t\t\t\t\t<div class=\"e-con-inner\">\n\t\t<div class=\"elementor-element elementor-element-4cfd5f3 e-flex e-con-boxed e-con e-child\" data-id=\"4cfd5f3\" data-element_type=\"container\" data-e-type=\"container\">\n\t\t\t\t\t<div class=\"e-con-inner\">\n\t\t\t\t<div class=\"elementor-element elementor-element-5fc98b8 elementor-widget elementor-widget-raven-site-logo\" data-id=\"5fc98b8\" data-element_type=\"widget\" data-e-type=\"widget\" data-widget_type=\"raven-site-logo.default\">\n\t\t\t\t<div class=\"elementor-widget-container\">\n\t\t\t\t\t\t\t<div class=\"raven-widget-wrapper\">\n\t\t\t<div class=\"raven-site-logo\">\n\t\t\t\t\t\t\t\t\t<a class=\"raven-site-logo-link\" href=\"https:\/\/sayciao.it\/de\">\n\t\t\t\t\t\t\t\t<picture><img alt=\"Say Ciao\" data-no-lazy=\"1\" src=' https:\/\/sayciao.it\/wp-content\/uploads\/2024\/04\/SayCiaoLogo.svg '><\/picture>\t\t\t\t\t\t\t\t\t<\/a>\n\t\t\t\t\t\t\t<\/div>\n\t\t<\/div>\n\t\t\t\t\t\t<\/div>\n\t\t\t\t<\/div>\n\t\t\t\t\t<\/div>\n\t\t\t\t<\/div>\n\t\t\t\t<div class=\"elementor-element elementor-element-779ad1f elementor-widget elementor-widget-heading\" data-id=\"779ad1f\" data-element_type=\"widget\" data-e-type=\"widget\" data-widget_type=\"heading.default\">\n\t\t\t\t<div class=\"elementor-widget-container\">\n\t\t\t\t\t<h2 class=\"elementor-heading-title elementor-size-default\">Datenschutzrichtlinie\n<\/h2>\t\t\t\t<\/div>\n\t\t\t\t<\/div>\n\t\t\t\t<div class=\"elementor-element elementor-element-49b7f12b elementor-widget elementor-widget-text-editor\" data-id=\"49b7f12b\" data-element_type=\"widget\" data-e-type=\"widget\" data-widget_type=\"text-editor.default\">\n\t\t\t\t<div class=\"elementor-widget-container\">\n\t\t\t\t\t\t\t\t\t\n<p><strong>Name der Firma:<\/strong> Say Ciao di Tatiana Cupcea<br \/><strong>Eingetragener Firmensitz:<\/strong> Contrada Chiusole 3, 65020, Corvara, Pescara, Italien<br \/><strong>Kontakt-E-Mail:<\/strong> <a target=\"_new\" rel=\"noreferrer\">ciao@sayciao.it<\/a><br \/><strong>Webseite:<\/strong> <a href=\"https:\/\/sayciao.it\/de\/\" target=\"_new\" rel=\"noreferrer\">https:\/\/sayciao.it<\/a><\/p>\n<p><strong>Einf\u00fchrung<\/strong><br \/>Der Schutz Ihrer Daten ist uns wichtig. Diese Datenschutzerkl\u00e4rung beschreibt, wie Say Ciao di Tatiana Cupcea (\u201cwir\u201d, \u201cuns\u201d oder \u201cunser\u201d) Ihre personenbezogenen Daten in \u00dcbereinstimmung mit italienischen und europ\u00e4ischen Gesetzen erhebt, verwendet und sch\u00fctzt.<\/p>\n<p><strong>Arten der gesammelten Informationen<\/strong><br \/>Wir erfassen personenbezogene Daten, die von Nutzern bereitgestellt werden, wie Name, E-Mail-Adresse und Zahlungsdetails, sowie automatisch erfasste Nutzungsdaten, einschlie\u00dflich IP-Adresse und Browsertyp.<\/p>\n<p><strong>Zweck der Datenerhebung<\/strong><br \/>Wir erheben personenbezogene Daten, um Bestellungen abzuwickeln, mit Nutzern zu kommunizieren und das allgemeine Nutzererlebnis auf der Website zu verbessern.<\/p>\n<p><strong>Datenaustausch<\/strong><br \/>Wir geben personenbezogene Daten gegebenenfalls an externe Dienstleister zur Auftragsabwicklung, Zahlungsabwicklung und Website-Analyse weiter. Wir verkaufen oder vermieten personenbezogene Daten nicht zu Marketingzwecken an Dritte.<\/p>\n<p><strong>Datensicherheitsma\u00dfnahmen<\/strong><br \/>Wir setzen branchen\u00fcbliche Sicherheitsma\u00dfnahmen ein, um personenbezogene Daten vor unbefugtem Zugriff, Offenlegung, Ver\u00e4nderung oder Zerst\u00f6rung zu sch\u00fctzen.<\/p>\n<p><strong>Nutzerrechte<\/strong><br \/>Nutzer haben das Recht, auf ihre personenbezogenen Daten zuzugreifen, diese zu berichtigen oder zu l\u00f6schen. Sie k\u00f6nnen au\u00dferdem die Einschr\u00e4nkung der Verarbeitung verlangen oder der Verarbeitung ihrer personenbezogenen Daten widersprechen.<\/p>\n<p><strong>Cookies<\/strong><br \/>Wir verwenden Cookies und \u00e4hnliche Technologien, um die Benutzerfreundlichkeit zu verbessern, den Website-Traffic zu analysieren und Inhalte zu personalisieren. Benutzer k\u00f6nnen ihre Browsereinstellungen so anpassen, dass Cookies abgelehnt oder Benachrichtigungen beim Senden von Cookies erhalten werden.<\/p>\n<p><strong>Richtlinien\u00e4nderungen<\/strong><br \/>Wir behalten uns das Recht vor, diese Datenschutzrichtlinie jederzeit zu aktualisieren oder zu \u00e4ndern. Nutzern wird empfohlen, diese Richtlinie regelm\u00e4\u00dfig auf Aktualisierungen zu \u00fcberpr\u00fcfen.<\/p>\n<p><strong>Kommentare<\/strong><br \/>Wenn Besucher Kommentare auf der Website hinterlassen, erfassen wir die im Kommentarformular angezeigten Daten sowie die IP-Adresse und den Browser-User-Agent-String des Besuchers zum Zwecke der Spam-Erkennung.<\/p>\n<p><strong>Medien<\/strong><br \/>Wenn Sie Bilder auf die Website hochladen, vermeiden Sie bitte, Standortdaten (EXIF-GPS) in die Bilder einzubetten. Besucher k\u00f6nnen diese Standortdaten aus den Bildern extrahieren.<\/p>\n<p><strong>Eingebettete Inhalte von anderen Websites<\/strong><br \/>Artikel auf dieser Website k\u00f6nnen eingebettete Inhalte (z. B. Videos, Bilder, Artikel usw.) enthalten. Eingebettete Inhalte von anderen Websites verhalten sich so, als ob der Besucher die andere Website besucht h\u00e4tte.<\/p>\n<p><strong>An wen wir Ihre Daten weitergeben<\/strong><br \/>Wenn Sie eine Passwortzur\u00fccksetzung anfordern, wird Ihre IP-Adresse in die E-Mail zur Passwortzur\u00fccksetzung aufgenommen.<\/p>\n<p><strong>Wie lange wir Ihre Daten speichern<\/strong><br \/>Wenn Sie einen Kommentar hinterlassen, werden der Kommentar und seine Metadaten auf unbestimmte Zeit gespeichert, um Folgekommentare automatisch freizugeben.<\/p>\n<p><strong>Welche Rechte Sie an Ihren Daten haben<\/strong><br \/>Wenn Sie ein Konto auf dieser Website haben oder Kommentare hinterlassen haben, k\u00f6nnen Sie eine exportierte Datei mit Ihren bei uns gespeicherten personenbezogenen Daten anfordern, einschlie\u00dflich aller Daten, die Sie uns bereitgestellt haben. Sie k\u00f6nnen au\u00dferdem die L\u00f6schung Ihrer bei uns gespeicherten personenbezogenen Daten beantragen, mit Ausnahme von Daten, die wir aus administrativen, rechtlichen oder Sicherheitsgr\u00fcnden aufbewahren m\u00fcssen.<\/p>\n<p><strong>Wohin wir Ihre Daten senden<\/strong><br \/>Besucherkommentare k\u00f6nnen durch einen automatisierten Spam-Erkennungsdienst \u00fcberpr\u00fcft werden.<\/p>\n\t\t\t\t\t\t\t\t<\/div>\n\t\t\t\t<\/div>\n\t\t\t\t\t<\/div>\n\t\t\t\t<\/div>\n\t\t<footer class=\"elementor-element elementor-element-1a0c7f54 e-con-full e-flex e-con e-parent\" data-id=\"1a0c7f54\" data-element_type=\"container\" data-e-type=\"container\" data-settings=\"{&quot;background_background&quot;:&quot;classic&quot;}\">\n\t\t\t\t<div class=\"elementor-element elementor-element-7ff4f384 elementor-widget elementor-widget-text-editor\" data-id=\"7ff4f384\" data-element_type=\"widget\" data-e-type=\"widget\" data-widget_type=\"text-editor.default\">\n\t\t\t\t<div class=\"elementor-widget-container\">\n\t\t\t\t\t\t\t\t\t\u00a9 2026 Say Ciao Alle Rechte vorbehalten \t\t\t\t\t\t\t\t<\/div>\n\t\t\t\t<\/div>\n\t\t\t\t<div class=\"elementor-element elementor-element-51342414 elementor-widget elementor-widget-text-editor\" data-id=\"51342414\" data-element_type=\"widget\" data-e-type=\"widget\" data-widget_type=\"text-editor.default\">\n\t\t\t\t<div class=\"elementor-widget-container\">\n\t\t\t\t\t\t\t\t\t<p><a href=\"https:\/\/sayciao.it\/de\/terms-and-conditions\/\">Gesch\u00e4ftsbedingungen<\/a> | <a href=\"https:\/\/sayciao.it\/de\/privacy-policy\/\">Datenschutzrichtlinie<\/a> | <a href=\"https:\/\/sayciao.it\/de\/cookie-policy-eu\/\">Cookie-Richtlinie<\/a><\/p>\t\t\t\t\t\t\t\t<\/div>\n\t\t\t\t<\/div>\n\t\t\t\t<\/footer>\n\t\t\t\t<\/div>","protected":false},"excerpt":{"rendered":"<p>Privacy Policy Company Name: Say Ciao di Tatiana CupceaRegistered Office: Contrada Chiusole 3, 65020, Corvara, Pescara, ItalyContact Email: ciao@sayciao.itWebsite: https:\/\/sayciao.it IntroductionYour privacy is important to us. This Privacy Policy outlines how Say Ciao di Tatiana Cupcea (&#8220;we&#8221;, &#8220;us&#8221;, or &#8220;our&#8221;) collects, uses, and protects your personal information in compliance with Italian and European laws. Types [&hellip;]<\/p>\n","protected":false},"author":1,"featured_media":0,"parent":0,"menu_order":0,"comment_status":"closed","ping_status":"open","template":"elementor_canvas","meta":{"_acf_changed":false,"footnotes":""},"class_list":["post-3","page","type-page","status-publish","hentry"],"acf":[],"yoast_head":"<!-- This site is optimized with the Yoast SEO plugin v27.3 - https:\/\/yoast.com\/product\/yoast-seo-wordpress\/ -->\n<title>Privacy Policy - Say Ciao<\/title>\n<meta name=\"robots\" content=\"noindex, nofollow\" \/>\n<meta property=\"og:locale\" content=\"de_DE\" \/>\n<meta property=\"og:type\" content=\"article\" \/>\n<meta property=\"og:title\" content=\"Privacy Policy - Say Ciao\" \/>\n<meta property=\"og:description\" content=\"Privacy Policy Company Name: Say Ciao di Tatiana CupceaRegistered Office: Contrada Chiusole 3, 65020, Corvara, Pescara, ItalyContact Email: ciao@sayciao.itWebsite: https:\/\/sayciao.it IntroductionYour privacy is important to us. This Privacy Policy outlines how Say Ciao di Tatiana Cupcea (&#8220;we&#8221;, &#8220;us&#8221;, or &#8220;our&#8221;) collects, uses, and protects your personal information in compliance with Italian and European laws. Types [&hellip;]\" \/>\n<meta property=\"og:url\" content=\"https:\/\/sayciao.it\/de\/privacy-policy\/\" \/>\n<meta property=\"og:site_name\" content=\"Say Ciao\" \/>\n<meta property=\"article:modified_time\" content=\"2024-05-08T09:36:24+00:00\" \/>\n<meta name=\"twitter:card\" content=\"summary_large_image\" \/>\n<meta name=\"twitter:label1\" content=\"Gesch\u00e4tzte Lesezeit\" \/>\n\t<meta name=\"twitter:data1\" content=\"3\u00a0Minuten\" \/>\n<script type=\"application\/ld+json\" class=\"yoast-schema-graph\">{\"@context\":\"https:\\\/\\\/schema.org\",\"@graph\":[{\"@type\":\"WebPage\",\"@id\":\"https:\\\/\\\/sayciao.it\\\/privacy-policy\\\/\",\"url\":\"https:\\\/\\\/sayciao.it\\\/privacy-policy\\\/\",\"name\":\"Privacy Policy - Say Ciao\",\"isPartOf\":{\"@id\":\"https:\\\/\\\/sayciao.it\\\/#website\"},\"datePublished\":\"2024-02-17T16:14:23+00:00\",\"dateModified\":\"2024-05-08T09:36:24+00:00\",\"breadcrumb\":{\"@id\":\"https:\\\/\\\/sayciao.it\\\/privacy-policy\\\/#breadcrumb\"},\"inLanguage\":\"de\",\"potentialAction\":[{\"@type\":\"ReadAction\",\"target\":[\"https:\\\/\\\/sayciao.it\\\/privacy-policy\\\/\"]}]},{\"@type\":\"BreadcrumbList\",\"@id\":\"https:\\\/\\\/sayciao.it\\\/privacy-policy\\\/#breadcrumb\",\"itemListElement\":[{\"@type\":\"ListItem\",\"position\":1,\"name\":\"Home\",\"item\":\"https:\\\/\\\/sayciao.it\\\/\"},{\"@type\":\"ListItem\",\"position\":2,\"name\":\"Privacy Policy\"}]},{\"@type\":\"WebSite\",\"@id\":\"https:\\\/\\\/sayciao.it\\\/#website\",\"url\":\"https:\\\/\\\/sayciao.it\\\/\",\"name\":\"Say Ciao\",\"description\":\"The beauty of living in rural Italy \u2013\u00a0Abruzzo\",\"publisher\":{\"@id\":\"https:\\\/\\\/sayciao.it\\\/#organization\"},\"potentialAction\":[{\"@type\":\"SearchAction\",\"target\":{\"@type\":\"EntryPoint\",\"urlTemplate\":\"https:\\\/\\\/sayciao.it\\\/?s={search_term_string}\"},\"query-input\":{\"@type\":\"PropertyValueSpecification\",\"valueRequired\":true,\"valueName\":\"search_term_string\"}}],\"inLanguage\":\"de\"},{\"@type\":\"Organization\",\"@id\":\"https:\\\/\\\/sayciao.it\\\/#organization\",\"name\":\"Say Ciao di Tatiana Cupcea\",\"url\":\"https:\\\/\\\/sayciao.it\\\/\",\"logo\":{\"@type\":\"ImageObject\",\"inLanguage\":\"de\",\"@id\":\"https:\\\/\\\/sayciao.it\\\/#\\\/schema\\\/logo\\\/image\\\/\",\"url\":\"https:\\\/\\\/sayciao.it\\\/wp-content\\\/uploads\\\/2024\\\/04\\\/SayCiaoLogo.svg\",\"contentUrl\":\"https:\\\/\\\/sayciao.it\\\/wp-content\\\/uploads\\\/2024\\\/04\\\/SayCiaoLogo.svg\",\"width\":95,\"height\":31,\"caption\":\"Say Ciao di Tatiana Cupcea\"},\"image\":{\"@id\":\"https:\\\/\\\/sayciao.it\\\/#\\\/schema\\\/logo\\\/image\\\/\"},\"sameAs\":[\"https:\\\/\\\/www.youtube.com\\\/@SayCiao\",\"https:\\\/\\\/instagram.com\\\/sayciao.it\",\"https:\\\/\\\/patreon.com\\\/Say_Ciao\"]}]}<\/script>\n<!-- \/ Yoast SEO plugin. -->","yoast_head_json":{"title":"Privacy Policy - Say Ciao","robots":{"index":"noindex","follow":"nofollow"},"og_locale":"de_DE","og_type":"article","og_title":"Privacy Policy - Say Ciao","og_description":"Privacy Policy Company Name: Say Ciao di Tatiana CupceaRegistered Office: Contrada Chiusole 3, 65020, Corvara, Pescara, ItalyContact Email: ciao@sayciao.itWebsite: https:\/\/sayciao.it IntroductionYour privacy is important to us. This Privacy Policy outlines how Say Ciao di Tatiana Cupcea (&#8220;we&#8221;, &#8220;us&#8221;, or &#8220;our&#8221;) collects, uses, and protects your personal information in compliance with Italian and European laws. Types [&hellip;]","og_url":"https:\/\/sayciao.it\/de\/privacy-policy\/","og_site_name":"Say Ciao","article_modified_time":"2024-05-08T09:36:24+00:00","twitter_card":"summary_large_image","twitter_misc":{"Gesch\u00e4tzte Lesezeit":"3\u00a0Minuten"},"schema":{"@context":"https:\/\/schema.org","@graph":[{"@type":"WebPage","@id":"https:\/\/sayciao.it\/privacy-policy\/","url":"https:\/\/sayciao.it\/privacy-policy\/","name":"Privacy Policy - Say Ciao","isPartOf":{"@id":"https:\/\/sayciao.it\/#website"},"datePublished":"2024-02-17T16:14:23+00:00","dateModified":"2024-05-08T09:36:24+00:00","breadcrumb":{"@id":"https:\/\/sayciao.it\/privacy-policy\/#breadcrumb"},"inLanguage":"de","potentialAction":[{"@type":"ReadAction","target":["https:\/\/sayciao.it\/privacy-policy\/"]}]},{"@type":"BreadcrumbList","@id":"https:\/\/sayciao.it\/privacy-policy\/#breadcrumb","itemListElement":[{"@type":"ListItem","position":1,"name":"Home","item":"https:\/\/sayciao.it\/"},{"@type":"ListItem","position":2,"name":"Privacy Policy"}]},{"@type":"WebSite","@id":"https:\/\/sayciao.it\/#website","url":"https:\/\/sayciao.it\/","name":"Sag Ciao","description":"The beauty of living in rural Italy \u2013\u00a0Abruzzo","publisher":{"@id":"https:\/\/sayciao.it\/#organization"},"potentialAction":[{"@type":"SearchAction","target":{"@type":"EntryPoint","urlTemplate":"https:\/\/sayciao.it\/?s={search_term_string}"},"query-input":{"@type":"PropertyValueSpecification","valueRequired":true,"valueName":"search_term_string"}}],"inLanguage":"de"},{"@type":"Organization","@id":"https:\/\/sayciao.it\/#organization","name":"Say Ciao di Tatiana Cupcea","url":"https:\/\/sayciao.it\/","logo":{"@type":"ImageObject","inLanguage":"de","@id":"https:\/\/sayciao.it\/#\/schema\/logo\/image\/","url":"https:\/\/sayciao.it\/wp-content\/uploads\/2024\/04\/SayCiaoLogo.svg","contentUrl":"https:\/\/sayciao.it\/wp-content\/uploads\/2024\/04\/SayCiaoLogo.svg","width":95,"height":31,"caption":"Say Ciao di Tatiana Cupcea"},"image":{"@id":"https:\/\/sayciao.it\/#\/schema\/logo\/image\/"},"sameAs":["https:\/\/www.youtube.com\/@SayCiao","https:\/\/instagram.com\/sayciao.it","https:\/\/patreon.com\/Say_Ciao"]}]}},"_links":{"self":[{"href":"https:\/\/sayciao.it\/de\/wp-json\/wp\/v2\/pages\/3","targetHints":{"allow":["GET"]}}],"collection":[{"href":"https:\/\/sayciao.it\/de\/wp-json\/wp\/v2\/pages"}],"about":[{"href":"https:\/\/sayciao.it\/de\/wp-json\/wp\/v2\/types\/page"}],"author":[{"embeddable":true,"href":"https:\/\/sayciao.it\/de\/wp-json\/wp\/v2\/users\/1"}],"replies":[{"embeddable":true,"href":"https:\/\/sayciao.it\/de\/wp-json\/wp\/v2\/comments?post=3"}],"version-history":[{"count":12,"href":"https:\/\/sayciao.it\/de\/wp-json\/wp\/v2\/pages\/3\/revisions"}],"predecessor-version":[{"id":263,"href":"https:\/\/sayciao.it\/de\/wp-json\/wp\/v2\/pages\/3\/revisions\/263"}],"wp:attachment":[{"href":"https:\/\/sayciao.it\/de\/wp-json\/wp\/v2\/media?parent=3"}],"curies":[{"name":"wp","href":"https:\/\/api.w.org\/{rel}","templated":true}]}}