{"id":222,"date":"2024-05-07T09:25:52","date_gmt":"2024-05-07T07:25:52","guid":{"rendered":"https:\/\/sayciao.it\/?page_id=222"},"modified":"2024-05-08T11:27:25","modified_gmt":"2024-05-08T09:27:25","slug":"terms-and-conditions","status":"publish","type":"page","link":"https:\/\/sayciao.it\/de\/terms-and-conditions\/","title":{"rendered":"Gesch\u00e4ftsbedingungen"},"content":{"rendered":"<div data-elementor-type=\"wp-page\" data-elementor-id=\"222\" class=\"elementor elementor-222\">\n\t\t\t\t<div class=\"elementor-element elementor-element-b47a055 e-flex e-con-boxed e-con e-parent\" data-id=\"b47a055\" data-element_type=\"container\" data-e-type=\"container\">\n\t\t\t\t\t<div class=\"e-con-inner\">\n\t\t<div class=\"elementor-element elementor-element-83be2fc e-flex e-con-boxed e-con e-child\" data-id=\"83be2fc\" data-element_type=\"container\" data-e-type=\"container\">\n\t\t\t\t\t<div class=\"e-con-inner\">\n\t\t\t\t<div class=\"elementor-element elementor-element-edb85f7 elementor-widget elementor-widget-raven-site-logo\" data-id=\"edb85f7\" data-element_type=\"widget\" data-e-type=\"widget\" data-widget_type=\"raven-site-logo.default\">\n\t\t\t\t<div class=\"elementor-widget-container\">\n\t\t\t\t\t\t\t<div class=\"raven-widget-wrapper\">\n\t\t\t<div class=\"raven-site-logo\">\n\t\t\t\t\t\t\t\t\t<a class=\"raven-site-logo-link\" href=\"https:\/\/sayciao.it\/de\">\n\t\t\t\t\t\t\t\t<picture><img alt=\"Say Ciao\" data-no-lazy=\"1\" src=' https:\/\/sayciao.it\/wp-content\/uploads\/2024\/04\/SayCiaoLogo.svg '><\/picture>\t\t\t\t\t\t\t\t\t<\/a>\n\t\t\t\t\t\t\t<\/div>\n\t\t<\/div>\n\t\t\t\t\t\t<\/div>\n\t\t\t\t<\/div>\n\t\t\t\t\t<\/div>\n\t\t\t\t<\/div>\n\t\t<div class=\"elementor-element elementor-element-08a2b66 e-flex e-con-boxed e-con e-child\" data-id=\"08a2b66\" data-element_type=\"container\" data-e-type=\"container\">\n\t\t\t\t\t<div class=\"e-con-inner\">\n\t\t\t\t<div class=\"elementor-element elementor-element-77efbcc elementor-widget elementor-widget-heading\" data-id=\"77efbcc\" data-element_type=\"widget\" data-e-type=\"widget\" data-widget_type=\"heading.default\">\n\t\t\t\t<div class=\"elementor-widget-container\">\n\t\t\t\t\t<h2 class=\"elementor-heading-title elementor-size-default\">Gesch\u00e4ftsbedingungen<\/h2>\t\t\t\t<\/div>\n\t\t\t\t<\/div>\n\t\t\t\t<div class=\"elementor-element elementor-element-c94f23b elementor-widget elementor-widget-text-editor\" data-id=\"c94f23b\" data-element_type=\"widget\" data-e-type=\"widget\" data-widget_type=\"text-editor.default\">\n\t\t\t\t<div class=\"elementor-widget-container\">\n\t\t\t\t\t\t\t\t\t<p>\u00a0<\/p><ol><li><p><strong>Angebotene Dienstleistungen <br \/><br \/><\/strong>Say Ciao bietet \u00fcber seine Website verschiedene Dienste an, darunter Zugriff auf Werbematerialien, interaktive Formulare, Frage- und Antwortrunden, Videoinhalte, einen Online-Shop, kostenpflichtige Mitgliedschaften, Spendenm\u00f6glichkeiten sowie Links zu externen Websites und Social-Media-Profilen. Wir behalten uns das Recht vor, jeden Dienst jederzeit und ohne vorherige Ank\u00fcndigung zu \u00e4ndern oder einzustellen.<\/p><\/li><li><p><strong>Benutzerverantwortung<\/strong> <br \/><br \/>Die Nutzer sind verpflichtet, auf der Website korrekte und rechtm\u00e4\u00dfige Informationen anzugeben. Sie m\u00fcssen au\u00dferdem jegliche Aktivit\u00e4ten unterlassen, die die Sicherheit oder Integrit\u00e4t der Website gef\u00e4hrden k\u00f6nnten, insbesondere Hacking, Spamming oder die \u00dcbertragung von Schadsoftware.<\/p><\/li><li><p><strong>Geistiges Eigentum<\/strong> <br \/><br \/>Alle Inhalte der Say Ciao-Website, einschlie\u00dflich Texte, Bilder, Videos und Logos, sind urheberrechtlich und durch andere Gesetze zum Schutz geistigen Eigentums gesch\u00fctzt. Ohne die ausdr\u00fcckliche Genehmigung von Say Ciao ist es Nutzern nicht gestattet, diese Inhalte zu vervielf\u00e4ltigen, zu verbreiten, zu ver\u00e4ndern oder abgeleitete Werke davon zu erstellen.<\/p><\/li><li><p><strong>Haftungsausschluss<\/strong> <br \/><br \/>Say Ciao di Tatiana Cupcea \u00fcbernimmt keine Haftung f\u00fcr Sch\u00e4den oder Verluste, die durch die Nutzung der Website entstehen, einschlie\u00dflich, aber nicht beschr\u00e4nkt auf direkte, indirekte, zuf\u00e4llige oder Folgesch\u00e4den. Die Nutzung der Website erfolgt auf eigenes Risiko.<\/p><\/li><li><p><strong>Anwendbares Recht<\/strong> <br \/><br \/>Diese Allgemeinen Gesch\u00e4ftsbedingungen unterliegen dem italienischen und dem EU-Recht. F\u00fcr alle Streitigkeiten aus diesen Bedingungen sind ausschlie\u00dflich die italienischen Gerichte zust\u00e4ndig.<\/p><\/li><li><p><strong>Verschiedenes<\/strong> <br \/><br \/>Diese Allgemeinen Gesch\u00e4ftsbedingungen stellen die gesamte Vereinbarung zwischen dem Nutzer und Say Ciao di Tatiana Cupcea hinsichtlich der Nutzung der Website dar und ersetzen alle vorherigen Vereinbarungen und Absprachen.<\/p><\/li><li><p><strong>Cookies<\/strong> <br \/><br \/>Durch den Zugriff auf Say Ciao stimmen Sie der Verwendung von Cookies gem\u00e4\u00df der Cookie-Richtlinie von Say Ciao zu. <a href=\"https:\/\/chatgpt.com\/c\/5c2d4098-9db5-4ad9-8c7c-097fba870867#\" target=\"_new\" rel=\"noreferrer\">Hier<\/a>. Nutzer haben die M\u00f6glichkeit, ihre Cookie-Einstellungen \u00fcber die Browsereinstellungen zu verwalten.<\/p><\/li><li><p><strong>Lizenz<\/strong> <br \/><br \/>Sofern nicht anders angegeben, liegen die Rechte am geistigen Eigentum aller Inhalte auf Say Ciao bei Say Ciao und\/oder seinen Lizenzgebern. Alle Rechte sind vorbehalten. Die Nutzung, Vervielf\u00e4ltigung oder Verbreitung von Inhalten der Website ist ohne ausdr\u00fcckliche Genehmigung nicht gestattet.<\/p><\/li><li><p><strong>Nutzergenerierte Inhalte<\/strong> <br \/><br \/>Teile dieser Website bieten Nutzern die M\u00f6glichkeit, Meinungen und Informationen zu ver\u00f6ffentlichen und auszutauschen. Say Ciao filtert, bearbeitet, ver\u00f6ffentlicht oder \u00fcberpr\u00fcft nutzergenerierte Inhalte nicht, bevor diese auf der Website erscheinen. Wir behalten uns jedoch das Recht vor, Inhalte zu entfernen, die gegen unsere Richtlinien oder geltende Gesetze versto\u00dfen.<\/p><\/li><li><p><strong>Inhaltshaftung<\/strong> <br \/><br \/>Wir \u00fcbernehmen keine Verantwortung f\u00fcr Inhalte, die auf unserer Website erscheinen. Nutzer verpflichten sich, Say Ciao von jeglichen Anspr\u00fcchen freizustellen, die sich aus von ihnen auf der Website ver\u00f6ffentlichten Inhalten ergeben oder darauf beruhen.<\/p><\/li><li><p><strong>Rechtevorbehalt<\/strong> <br \/><br \/>Wir behalten uns das Recht vor, die Entfernung von Links zu unserer Website zu verlangen. Wir behalten uns au\u00dferdem das Recht vor, diese Nutzungsbedingungen jederzeit zu \u00e4ndern. Nutzer werden \u00fcber \u00c4nderungen per E-Mail oder durch einen Hinweis auf der Website informiert.<\/p><\/li><li><p><strong>Entfernung von Links von unserer Website<\/strong> <br \/><br \/>Sollten Sie auf unserer Website anst\u00f6\u00dfige oder unangemessene Links finden, kontaktieren Sie uns bitte umgehend. Wir pr\u00fcfen zwar Anfragen zur Entfernung von Links, sind jedoch nicht dazu verpflichtet, sofern die verlinkten Inhalte nicht gegen unsere Richtlinien oder geltende Gesetze versto\u00dfen.<\/p><\/li><li><p><strong>Haftungsausschluss<\/strong> <br \/><br \/>Soweit gesetzlich zul\u00e4ssig, schlie\u00dfen wir jegliche Zusicherungen, Gew\u00e4hrleistungen und Bedingungen in Bezug auf unsere Website und deren Nutzung aus. Dieser Haftungsausschluss beschr\u00e4nkt oder schlie\u00dft unsere Haftung f\u00fcr Tod oder K\u00f6rperverletzung, Betrug oder arglistige T\u00e4uschung sowie f\u00fcr sonstige Haftungen, deren Ausschluss nach geltendem Recht unzul\u00e4ssig ist, nicht aus. Jegliches Vertrauen in diese Informationen erfolgt daher ausschlie\u00dflich auf eigenes Risiko.<\/p><\/li><\/ol>\t\t\t\t\t\t\t\t<\/div>\n\t\t\t\t<\/div>\n\t\t\t\t\t<\/div>\n\t\t\t\t<\/div>\n\t\t\t\t\t<\/div>\n\t\t\t\t<\/div>\n\t\t<footer class=\"elementor-element elementor-element-53ff600d e-con-full e-flex e-con e-parent\" data-id=\"53ff600d\" data-element_type=\"container\" data-e-type=\"container\" data-settings=\"{&quot;background_background&quot;:&quot;classic&quot;}\">\n\t\t\t\t<div class=\"elementor-element elementor-element-29978390 elementor-widget elementor-widget-text-editor\" data-id=\"29978390\" data-element_type=\"widget\" data-e-type=\"widget\" data-widget_type=\"text-editor.default\">\n\t\t\t\t<div class=\"elementor-widget-container\">\n\t\t\t\t\t\t\t\t\t\u00a9 2026 Say Ciao Alle Rechte vorbehalten \t\t\t\t\t\t\t\t<\/div>\n\t\t\t\t<\/div>\n\t\t\t\t<div class=\"elementor-element elementor-element-252dcbf0 elementor-widget elementor-widget-text-editor\" data-id=\"252dcbf0\" data-element_type=\"widget\" data-e-type=\"widget\" data-widget_type=\"text-editor.default\">\n\t\t\t\t<div class=\"elementor-widget-container\">\n\t\t\t\t\t\t\t\t\t<p><a href=\"https:\/\/sayciao.it\/de\/terms-and-conditions\/\">Gesch\u00e4ftsbedingungen<\/a> | <a href=\"https:\/\/sayciao.it\/de\/privacy-policy\/\">Datenschutzrichtlinie<\/a> | <a href=\"https:\/\/sayciao.it\/de\/cookie-policy-eu\/\">Cookie-Richtlinie<\/a><\/p>\t\t\t\t\t\t\t\t<\/div>\n\t\t\t\t<\/div>\n\t\t\t\t<\/footer>\n\t\t\t\t<\/div>","protected":false},"excerpt":{"rendered":"<p>Terms and Conditions \u00a0 Services Offered Say Ciao offers a range of services through its website, including access to promotional materials, interactive forms, Q&amp;A sessions, video content, an online store, paid memberships, donations, and links to external websites and social media profiles. We reserve the right to modify or discontinue any service without prior notice. [&hellip;]<\/p>\n","protected":false},"author":1,"featured_media":0,"parent":0,"menu_order":0,"comment_status":"closed","ping_status":"closed","template":"elementor_canvas","meta":{"_acf_changed":false,"footnotes":""},"class_list":["post-222","page","type-page","status-publish","hentry"],"acf":[],"yoast_head":"<!-- This site is optimized with the Yoast SEO plugin v27.3 - https:\/\/yoast.com\/product\/yoast-seo-wordpress\/ -->\n<title>Terms and Conditions - Say Ciao<\/title>\n<meta name=\"robots\" content=\"noindex, nofollow\" \/>\n<meta property=\"og:locale\" content=\"de_DE\" \/>\n<meta property=\"og:type\" content=\"article\" \/>\n<meta property=\"og:title\" content=\"Terms and Conditions - Say Ciao\" \/>\n<meta property=\"og:description\" content=\"Terms and Conditions \u00a0 Services Offered Say Ciao offers a range of services through its website, including access to promotional materials, interactive forms, Q&amp;A sessions, video content, an online store, paid memberships, donations, and links to external websites and social media profiles. We reserve the right to modify or discontinue any service without prior notice. [&hellip;]\" \/>\n<meta property=\"og:url\" content=\"https:\/\/sayciao.it\/de\/terms-and-conditions\/\" \/>\n<meta property=\"og:site_name\" content=\"Say Ciao\" \/>\n<meta property=\"article:modified_time\" content=\"2024-05-08T09:27:25+00:00\" \/>\n<meta name=\"twitter:card\" content=\"summary_large_image\" \/>\n<meta name=\"twitter:label1\" content=\"Gesch\u00e4tzte Lesezeit\" \/>\n\t<meta name=\"twitter:data1\" content=\"3\u00a0Minuten\" \/>\n<script type=\"application\/ld+json\" class=\"yoast-schema-graph\">{\"@context\":\"https:\\\/\\\/schema.org\",\"@graph\":[{\"@type\":\"WebPage\",\"@id\":\"https:\\\/\\\/sayciao.it\\\/terms-and-conditions\\\/\",\"url\":\"https:\\\/\\\/sayciao.it\\\/terms-and-conditions\\\/\",\"name\":\"Terms and Conditions - Say Ciao\",\"isPartOf\":{\"@id\":\"https:\\\/\\\/sayciao.it\\\/#website\"},\"datePublished\":\"2024-05-07T07:25:52+00:00\",\"dateModified\":\"2024-05-08T09:27:25+00:00\",\"breadcrumb\":{\"@id\":\"https:\\\/\\\/sayciao.it\\\/terms-and-conditions\\\/#breadcrumb\"},\"inLanguage\":\"de\",\"potentialAction\":[{\"@type\":\"ReadAction\",\"target\":[\"https:\\\/\\\/sayciao.it\\\/terms-and-conditions\\\/\"]}]},{\"@type\":\"BreadcrumbList\",\"@id\":\"https:\\\/\\\/sayciao.it\\\/terms-and-conditions\\\/#breadcrumb\",\"itemListElement\":[{\"@type\":\"ListItem\",\"position\":1,\"name\":\"Home\",\"item\":\"https:\\\/\\\/sayciao.it\\\/\"},{\"@type\":\"ListItem\",\"position\":2,\"name\":\"Terms and Conditions\"}]},{\"@type\":\"WebSite\",\"@id\":\"https:\\\/\\\/sayciao.it\\\/#website\",\"url\":\"https:\\\/\\\/sayciao.it\\\/\",\"name\":\"Say Ciao\",\"description\":\"The beauty of living in rural Italy \u2013\u00a0Abruzzo\",\"publisher\":{\"@id\":\"https:\\\/\\\/sayciao.it\\\/#organization\"},\"potentialAction\":[{\"@type\":\"SearchAction\",\"target\":{\"@type\":\"EntryPoint\",\"urlTemplate\":\"https:\\\/\\\/sayciao.it\\\/?s={search_term_string}\"},\"query-input\":{\"@type\":\"PropertyValueSpecification\",\"valueRequired\":true,\"valueName\":\"search_term_string\"}}],\"inLanguage\":\"de\"},{\"@type\":\"Organization\",\"@id\":\"https:\\\/\\\/sayciao.it\\\/#organization\",\"name\":\"Say Ciao di Tatiana Cupcea\",\"url\":\"https:\\\/\\\/sayciao.it\\\/\",\"logo\":{\"@type\":\"ImageObject\",\"inLanguage\":\"de\",\"@id\":\"https:\\\/\\\/sayciao.it\\\/#\\\/schema\\\/logo\\\/image\\\/\",\"url\":\"https:\\\/\\\/sayciao.it\\\/wp-content\\\/uploads\\\/2024\\\/04\\\/SayCiaoLogo.svg\",\"contentUrl\":\"https:\\\/\\\/sayciao.it\\\/wp-content\\\/uploads\\\/2024\\\/04\\\/SayCiaoLogo.svg\",\"width\":95,\"height\":31,\"caption\":\"Say Ciao di Tatiana Cupcea\"},\"image\":{\"@id\":\"https:\\\/\\\/sayciao.it\\\/#\\\/schema\\\/logo\\\/image\\\/\"},\"sameAs\":[\"https:\\\/\\\/www.youtube.com\\\/@SayCiao\",\"https:\\\/\\\/instagram.com\\\/sayciao.it\",\"https:\\\/\\\/patreon.com\\\/Say_Ciao\"]}]}<\/script>\n<!-- \/ Yoast SEO plugin. -->","yoast_head_json":{"title":"Terms and Conditions - Say Ciao","robots":{"index":"noindex","follow":"nofollow"},"og_locale":"de_DE","og_type":"article","og_title":"Terms and Conditions - Say Ciao","og_description":"Terms and Conditions \u00a0 Services Offered Say Ciao offers a range of services through its website, including access to promotional materials, interactive forms, Q&amp;A sessions, video content, an online store, paid memberships, donations, and links to external websites and social media profiles. We reserve the right to modify or discontinue any service without prior notice. [&hellip;]","og_url":"https:\/\/sayciao.it\/de\/terms-and-conditions\/","og_site_name":"Say Ciao","article_modified_time":"2024-05-08T09:27:25+00:00","twitter_card":"summary_large_image","twitter_misc":{"Gesch\u00e4tzte Lesezeit":"3\u00a0Minuten"},"schema":{"@context":"https:\/\/schema.org","@graph":[{"@type":"WebPage","@id":"https:\/\/sayciao.it\/terms-and-conditions\/","url":"https:\/\/sayciao.it\/terms-and-conditions\/","name":"Terms and Conditions - Say Ciao","isPartOf":{"@id":"https:\/\/sayciao.it\/#website"},"datePublished":"2024-05-07T07:25:52+00:00","dateModified":"2024-05-08T09:27:25+00:00","breadcrumb":{"@id":"https:\/\/sayciao.it\/terms-and-conditions\/#breadcrumb"},"inLanguage":"de","potentialAction":[{"@type":"ReadAction","target":["https:\/\/sayciao.it\/terms-and-conditions\/"]}]},{"@type":"BreadcrumbList","@id":"https:\/\/sayciao.it\/terms-and-conditions\/#breadcrumb","itemListElement":[{"@type":"ListItem","position":1,"name":"Home","item":"https:\/\/sayciao.it\/"},{"@type":"ListItem","position":2,"name":"Terms and Conditions"}]},{"@type":"WebSite","@id":"https:\/\/sayciao.it\/#website","url":"https:\/\/sayciao.it\/","name":"Sag Ciao","description":"The beauty of living in rural Italy \u2013\u00a0Abruzzo","publisher":{"@id":"https:\/\/sayciao.it\/#organization"},"potentialAction":[{"@type":"SearchAction","target":{"@type":"EntryPoint","urlTemplate":"https:\/\/sayciao.it\/?s={search_term_string}"},"query-input":{"@type":"PropertyValueSpecification","valueRequired":true,"valueName":"search_term_string"}}],"inLanguage":"de"},{"@type":"Organization","@id":"https:\/\/sayciao.it\/#organization","name":"Say Ciao di Tatiana Cupcea","url":"https:\/\/sayciao.it\/","logo":{"@type":"ImageObject","inLanguage":"de","@id":"https:\/\/sayciao.it\/#\/schema\/logo\/image\/","url":"https:\/\/sayciao.it\/wp-content\/uploads\/2024\/04\/SayCiaoLogo.svg","contentUrl":"https:\/\/sayciao.it\/wp-content\/uploads\/2024\/04\/SayCiaoLogo.svg","width":95,"height":31,"caption":"Say Ciao di Tatiana Cupcea"},"image":{"@id":"https:\/\/sayciao.it\/#\/schema\/logo\/image\/"},"sameAs":["https:\/\/www.youtube.com\/@SayCiao","https:\/\/instagram.com\/sayciao.it","https:\/\/patreon.com\/Say_Ciao"]}]}},"_links":{"self":[{"href":"https:\/\/sayciao.it\/de\/wp-json\/wp\/v2\/pages\/222","targetHints":{"allow":["GET"]}}],"collection":[{"href":"https:\/\/sayciao.it\/de\/wp-json\/wp\/v2\/pages"}],"about":[{"href":"https:\/\/sayciao.it\/de\/wp-json\/wp\/v2\/types\/page"}],"author":[{"embeddable":true,"href":"https:\/\/sayciao.it\/de\/wp-json\/wp\/v2\/users\/1"}],"replies":[{"embeddable":true,"href":"https:\/\/sayciao.it\/de\/wp-json\/wp\/v2\/comments?post=222"}],"version-history":[{"count":7,"href":"https:\/\/sayciao.it\/de\/wp-json\/wp\/v2\/pages\/222\/revisions"}],"predecessor-version":[{"id":243,"href":"https:\/\/sayciao.it\/de\/wp-json\/wp\/v2\/pages\/222\/revisions\/243"}],"wp:attachment":[{"href":"https:\/\/sayciao.it\/de\/wp-json\/wp\/v2\/media?parent=222"}],"curies":[{"name":"wp","href":"https:\/\/api.w.org\/{rel}","templated":true}]}}